{"id":3,"date":"2024-09-22T22:04:32","date_gmt":"2024-09-22T19:04:32","guid":{"rendered":"https:\/\/mag-bags.com\/?page_id=3"},"modified":"2024-10-13T02:34:21","modified_gmt":"2024-10-12T23:34:21","slug":"gizlilik-politikasi","status":"publish","type":"page","link":"https:\/\/mag-bags.com\/index.php\/gizlilik-politikasi\/","title":{"rendered":"Gizlilik Politikas\u0131"},"content":{"rendered":"<h2>MAG- BAGS Gizlilik Politikas\u0131<\/h2>\n<p>Bu Gizlilik Politikas\u0131, <strong>https:\/\/mag-bags.com<\/strong>\u00a0sitesini ziyaret etti\u011finizde veya sat\u0131n ald\u0131\u011f\u0131n\u0131zda ki\u015fisel bilgilerinizin nas\u0131l topland\u0131\u011f\u0131n\u0131, kullan\u0131ld\u0131\u011f\u0131n\u0131 ve payla\u015f\u0131ld\u0131\u011f\u0131n\u0131 a\u00e7\u0131klamaktad\u0131r.<\/p>\n<h2>Toplad\u0131\u011f\u0131m\u0131z Ki\u015fisel Bilgiler<\/h2>\n<p>Siteyi ziyaret etti\u011finizde, web taray\u0131c\u0131n\u0131z, IP adresiniz, saat diliminiz ve cihaz\u0131n\u0131zda y\u00fckl\u00fc olan baz\u0131 \u00e7erezler dahil olmak \u00fczere cihaz\u0131n\u0131z hakk\u0131nda otomatik olarak belirli bilgileri toplar\u0131z. Ayr\u0131ca, Siteye g\u00f6z atarken, g\u00f6r\u00fcnt\u00fcledi\u011finiz tek tek web sayfalar\u0131 veya \u00fcr\u00fcnler hakk\u0131nda, sizi hangi web sitelerinin veya arama terimlerinin Sizi Siteye y\u00f6nlendirdi\u011fi ve Site ile nas\u0131l etkile\u015fimde bulundu\u011funuz hakk\u0131nda bilgi toplar\u0131z. Otomatik olarak toplanan bu bilgileri \u201cCihaz Bilgileri\u201d olarak adland\u0131r\u0131yoruz.<\/p>\n<p>Cihaz Bilgilerini a\u015fa\u011f\u0131daki teknolojileri kullanarak toplar\u0131z:<\/p>\n<p>&#8211; &#8220;G\u00fcnl\u00fck dosyalar\u0131&#8221;, Sitede ger\u00e7ekle\u015fen i\u015flemleri izler ve IP adresiniz, taray\u0131c\u0131 t\u00fcr\u00fc, \u0130nternet servis sa\u011flay\u0131c\u0131s\u0131, y\u00f6nlendirme \/ \u00e7\u0131k\u0131\u015f sayfalar\u0131 ve tarih \/ saat damgalar\u0131 gibi verileri toplar.<br \/>\n&#8211; \u201cWeb i\u015faret\u00e7ileri\u201d, \u201cetiketler\u201d ve \u201cpikseller\u201d Siteye nas\u0131l g\u00f6z att\u0131\u011f\u0131n\u0131zla ilgili bilgileri kaydetmek i\u00e7in kullan\u0131lan elektronik dosyalard\u0131r.<\/p>\n<p>Ayr\u0131ca, Site \u00fczerinden bir sat\u0131n alma i\u015flemi ger\u00e7ekle\u015ftirdi\u011finizde veya sat\u0131n alma i\u015flemi ger\u00e7ekle\u015ftirdi\u011finizde, ad\u0131n\u0131z, fatura adresiniz, g\u00f6nderim adresiniz, \u00f6deme bilgileriniz (kredi kart\u0131 numaralar\u0131 dahil ve 3D Secure g\u00fcvenli \u00f6deme), e-posta adresini ve telefon numaras\u0131n\u0131 i\u00e7erir. Bu bilgilere \u201cSipari\u015f Bilgisi\u201d diyoruz.<\/p>\n<p>Bu Gizlilik Politikas\u0131nda \u201cKi\u015fisel Bilgiler\u201d hakk\u0131nda konu\u015ftu\u011fumuzda, hem Cihaz Bilgileri hem de Sipari\u015f Bilgileri hakk\u0131nda konu\u015fuyoruz.<\/p>\n<h2>Ki\u015fisel Bilgilerinizi Nas\u0131l Kullan\u0131r\u0131z?<\/h2>\n<p>Genel olarak toplad\u0131\u011f\u0131m\u0131z Sipari\u015f Bilgilerini, Site \u00fczerinden verilen sipari\u015fleri yerine getirmek i\u00e7in kullan\u0131r\u0131z (\u00f6deme bilgilerinizi i\u015fleme, nakliye i\u00e7in d\u00fczenleme ve size fatura ve \/ veya sipari\u015f onaylar\u0131 sa\u011flama dahil). Ayr\u0131ca, bu Sipari\u015f Bilgilerini a\u015fa\u011f\u0131dakileri yapmak i\u00e7in kullan\u0131r\u0131z:<br \/>\nSizinle ileti\u015fim kurun;<br \/>\nEmirlerimizi potansiyel risk veya sahtekarl\u0131\u011fa kar\u015f\u0131 taray\u0131n; ve<br \/>\nBizimle payla\u015ft\u0131\u011f\u0131n\u0131z tercihler do\u011frultusunda, \u00fcr\u00fcnlerimiz veya hizmetlerimizle ilgili bilgi veya reklam verin.<br \/>\nToplad\u0131\u011f\u0131m\u0131z Cihaz Bilgilerini potansiyel risk ve sahtekarl\u0131k (\u00f6zellikle IP adresiniz) i\u00e7in tarama yapmam\u0131za ve daha genel olarak Sitemizi iyile\u015ftirmek ve optimize etmek i\u00e7in (\u00f6rne\u011fin, m\u00fc\u015fterilerimize nas\u0131l g\u00f6z att\u0131\u011f\u0131 ve etkile\u015fimde bulundu\u011fumuza ili\u015fkin analizler \u00fcreterek) kullan\u0131yoruz. ve pazarlama ve reklam kampanyalar\u0131m\u0131z\u0131n ba\u015far\u0131s\u0131n\u0131 de\u011ferlendirmek i\u00e7in).<\/p>\n<h2>Ki\u015fisel Bilgilerinizi Payla\u015fmak<\/h2>\n<p>Ki\u015fisel Bilgilerinizi yukar\u0131da a\u00e7\u0131kland\u0131\u011f\u0131 gibi kullanmam\u0131za yard\u0131mc\u0131 olmas\u0131 i\u00e7in Ki\u015fisel Bilgilerinizi \u00fc\u00e7\u00fcnc\u00fc taraflarla payla\u015f\u0131yoruz. Ayr\u0131ca Google Analytics&#8217;i m\u00fc\u015fterilerimizin Siteyi nas\u0131l kulland\u0131\u011f\u0131n\u0131 anlamam\u0131za yard\u0131mc\u0131 olmak i\u00e7in kullan\u0131yoruz &#8211; Google&#8217;\u0131n Ki\u015fisel Bilgilerinizi nas\u0131l kulland\u0131\u011f\u0131 hakk\u0131nda daha fazla bilgiyi buradan edinebilirsiniz: https:\/\/www.google.com\/intl\/tr\/policies\/privacy\/. Ayr\u0131ca Google Analytics&#8217;i buradan devre d\u0131\u015f\u0131 b\u0131rakabilirsiniz: https:\/\/tools.google.com\/dlpage\/gaoptout.<\/p>\n<p>Son olarak, Ki\u015fisel Bilgilerinizi y\u00fcr\u00fcrl\u00fckteki yasalara ve d\u00fczenlemelere uymak, mahkeme celbi, arama emri veya ald\u0131\u011f\u0131m\u0131z bilgilerle ilgili di\u011fer yasal taleplere yan\u0131t vermek veya aklar\u0131m\u0131z\u0131 ba\u015fka \u015fekillerde korumak i\u00e7in payla\u015fabiliriz.<\/p>\n<h2>Davran\u0131\u015fsal Reklam<\/h2>\n<p>Yukar\u0131da a\u00e7\u0131kland\u0131\u011f\u0131 gibi, Ki\u015fisel Bilgilerinizi, ilginizi \u00e7ekebilece\u011fini d\u00fc\u015f\u00fcnd\u00fc\u011f\u00fcm\u00fcz hedefli reklamlar veya pazarlama ileti\u015fimi sa\u011flamak i\u00e7in kullan\u0131r\u0131z. Hedefli reklamc\u0131l\u0131\u011f\u0131n nas\u0131l \u00e7al\u0131\u015ft\u0131\u011f\u0131 hakk\u0131nda daha fazla bilgi i\u00e7in http:\/\/www.networkadvertising.org\/understanding-online-advertising\/how-does-it-work adresindeki Network Advertising Initiative\u2019in (\u201cNAI\u201d) e\u011fitim sayfas\u0131n\u0131 ziyaret edebilirsiniz.<\/p>\n<p>Ayr\u0131ca, http:\/\/optout.aboutads.info\/ adresindeki Dijital Reklamc\u0131l\u0131k Birli\u011fi&#8217;nin devre d\u0131\u015f\u0131 b\u0131rakma portal\u0131n\u0131 ziyaret ederek bu hizmetlerden baz\u0131lar\u0131n\u0131 devre d\u0131\u015f\u0131 b\u0131rakabilirsiniz.<\/p>\n<h2>Takip Etmeyin<\/h2>\n<p>Taray\u0131c\u0131n\u0131zdan bir Takip Etme sinyali g\u00f6rd\u00fc\u011f\u00fcm\u00fczde Sitemizin veri toplama ve uygulamalar\u0131n\u0131 kullanmad\u0131\u011f\u0131m\u0131z\u0131 l\u00fctfen unutmay\u0131n.<\/p>\n<p>Avrupa vatanda\u015f\u0131 iseniz, hakk\u0131n\u0131zda tuttu\u011fumuz ki\u015fisel bilgilere eri\u015fme ve ki\u015fisel bilgilerinizin d\u00fczeltilmesini, g\u00fcncellenmesini veya silinmesini isteme hakk\u0131na sahipsiniz. Bu hakk\u0131 kullanmak isterseniz, l\u00fctfen a\u015fa\u011f\u0131daki ileti\u015fim bilgileri arac\u0131l\u0131\u011f\u0131yla bize ula\u015f\u0131n.<\/p>\n<p>Buna ek olarak, bir Avrupa vatanda\u015f\u0131 iseniz, sizinle ger\u00e7ekle\u015ftirebilece\u011fimiz s\u00f6zle\u015fmeleri yerine getirmek i\u00e7in bilgilerinizi i\u015fledi\u011fimizi (\u00f6rne\u011fin, Site arac\u0131l\u0131\u011f\u0131yla sipari\u015f verirseniz) ya da yukar\u0131da listelenen yasal i\u015f \u00e7\u0131karlar\u0131m\u0131z\u0131 takip etti\u011fimizi not ediyoruz. Ayr\u0131ca, bilgilerinizin Kanada ve ABD dahil Avrupa d\u0131\u015f\u0131na aktar\u0131laca\u011f\u0131n\u0131 l\u00fctfen unutmay\u0131n.<\/p>\n<h2>Veri Saklama<\/h2>\n<p>Site \u00fczerinden sipari\u015f verdi\u011finizde, sizden bu bilgileri silmemizi istemedik\u00e7e ve kay\u0131t olmadan, Sipari\u015f Bilgilerimizi kay\u0131tlar\u0131m\u0131z i\u00e7in saklayaca\u011f\u0131z.<\/p>\n<h2>De\u011fi\u015fiklikler<\/h2>\n<p>\u00d6rne\u011fin uygulamalar\u0131m\u0131zdaki de\u011fi\u015fiklikleri veya di\u011fer operasyonel, yasal veya d\u00fczenleyici nedenleri yans\u0131tmak i\u00e7in bu gizlilik politikas\u0131n\u0131 zaman zaman g\u00fcncelleyebiliriz.<\/p>\n<h2>Bize Ula\u015f\u0131n<\/h2>\n<p>Gizlilik uygulamalar\u0131m\u0131z hakk\u0131nda daha fazla bilgi i\u00e7in, sorular\u0131n\u0131z varsa veya \u015fikayet etmek isterseniz, l\u00fctfen info@mag-bags.com adresinden e-posta atabilirsiniz.<\/p>\n<h2>Metin Pazarlama H\u00fck\u00fcm ve Ko\u015fullar\u0131:<\/h2>\n<p>A\u015fa\u011f\u0131daki h\u00fck\u00fcm ve ko\u015fullara tabi olan bir metin mesajla\u015fma platformu kullan\u0131yoruz. Metin pazarlama ve bildirimlerimizi se\u00e7erek, bu h\u00fck\u00fcm ve ko\u015fullar\u0131 kabul etmi\u015f olursunuz.<br \/>\n\u00d6deme sayfas\u0131na telefon numaran\u0131z\u0131 girerek ve bir sat\u0131n alma i\u015flemini ba\u015flatarak, abonelik formumuz veya bir anahtar kelime arac\u0131l\u0131\u011f\u0131yla abone olarak, size metin bildirimleri (sipari\u015finiz i\u00e7in, al\u0131\u015fveri\u015f sepeti hat\u0131rlat\u0131c\u0131lar\u0131 dahil) ve metin pazarlama teklifleri g\u00f6nderebilece\u011fimizi kabul edersiniz. Onay\u0131n herhangi bir sat\u0131n alma i\u00e7in bir ko\u015ful olmad\u0131\u011f\u0131n\u0131 kabul edersiniz.<\/p>\n<p>Telefon numaran\u0131z, ad\u0131n\u0131z ve sat\u0131n alma bilgileriniz, Sofya, Bulgaristan, AB&#8217;de ofisi bulunan bir Avrupa Birli\u011fi \u015firketi olan SMS platformumuz &#8220;SMSBump Inc&#8221; ile payla\u015f\u0131lacakt\u0131r. Bu veriler, size hedeflenen pazarlama mesajlar\u0131 ve bildirimleri g\u00f6ndermek i\u00e7in kullan\u0131lacakt\u0131r. Metin mesajlar\u0131n\u0131 g\u00f6nderdikten sonra, teslimat\u0131n\u0131 ger\u00e7ekle\u015ftirmek i\u00e7in telefon numaran\u0131z bir metin mesaj\u0131 operat\u00f6r\u00fcne iletilecektir.<br \/>\nMetin pazarlama mesajlar\u0131 ve bildirimleri almaktan \u00e7\u0131kmak istiyorsan\u0131z, bizden g\u00f6nderilen herhangi bir mobil mesaja STOP ile yan\u0131t verin veya mesajlar\u0131m\u0131zdan herhangi birinde size sa\u011flad\u0131\u011f\u0131m\u0131z abonelikten \u00e7\u0131kma ba\u011flant\u0131s\u0131n\u0131 kullan\u0131n. Alternatif kelimeler veya istekler kullanmak gibi alternatif devre d\u0131\u015f\u0131 b\u0131rakma y\u00f6ntemlerinin, devre d\u0131\u015f\u0131 b\u0131rakman\u0131n makul bir yolu olarak kabul edilmeyece\u011fini anl\u0131yor ve kabul ediyorsunuz. Mesaj ve veri \u00fccretleri ge\u00e7erli olabilir.<br \/>\nHerhangi bir sorunuz i\u00e7in l\u00fctfen mesajlar\u0131 ald\u0131\u011f\u0131n\u0131z numaraya &#8220;YARDIM&#8221; yaz\u0131n. Ayr\u0131ca daha fazla bilgi i\u00e7in bizimle ileti\u015fime ge\u00e7ebilirsiniz. Devre d\u0131\u015f\u0131 b\u0131rakmak istiyorsan\u0131z, l\u00fctfen yukar\u0131daki prosed\u00fcrleri izleyin.<\/p>\n<p>&nbsp;<\/p>\n<p><strong>CUTOFF TEKNOLOJ\u0130 S\u0130STEMLER\u0130 SANAY\u0130 VE T\u0130CARET L\u0130M\u0130TED \u015e\u0130RKET\u0130<\/strong><\/p>\n<p><strong>Company number: 01020304<\/strong><\/p>\n<div class=\"container-wrap\">\n<div class=\"container main-content\" role=\"main\">\n<div class=\"row\">\n<p><strong>TERAZ\u0130DERE MAH. G\u00dcNE\u015e CAD. NO: 62\/1 PK: 34035 BAYRAMPA\u015eA \u2013 \u0130STANBUL<\/strong><\/p>\n<p>&nbsp;<\/p>\n<\/div>\n<\/div>\n<\/div>\n<p>We value your privacy and the information you consent to share in relation to our SMS marketing service. We use this information to send you text notifications (for your order, including abandoned checkout reminders), text marketing offers, and transactional texts, including requests for reviews from us.<\/p>\n<p>Our website uses cookies to keep track of items you put into your shopping cart, including when you have abandoned your checkout. This information is used to determine when to send cart reminder messages via SMS.<\/p>\n","protected":false},"excerpt":{"rendered":"<p>MAG- BAGS Gizlilik Politikas\u0131 Bu Gizlilik Politikas\u0131, https:\/\/mag-bags.com\u00a0sitesini ziyaret etti\u011finizde veya sat\u0131n ald\u0131\u011f\u0131n\u0131zda ki\u015fisel bilgilerinizin nas\u0131l topland\u0131\u011f\u0131n\u0131, kullan\u0131ld\u0131\u011f\u0131n\u0131 ve payla\u015f\u0131ld\u0131\u011f\u0131n\u0131 a\u00e7\u0131klamaktad\u0131r. Toplad\u0131\u011f\u0131m\u0131z Ki\u015fisel Bilgiler Siteyi ziyaret etti\u011finizde, web taray\u0131c\u0131n\u0131z, IP&#8230;<\/p>\n","protected":false},"author":1,"featured_media":0,"parent":0,"menu_order":0,"comment_status":"closed","ping_status":"open","template":"","meta":{"_uag_custom_page_level_css":"","footnotes":""},"class_list":["post-3","page","type-page","status-publish"],"yoast_head":"<!-- This site is optimized with the Yoast SEO Premium plugin v23.6 (Yoast SEO v27.4) - https:\/\/yoast.com\/product\/yoast-seo-premium-wordpress\/ -->\n<title>Gizlilik Politikas\u0131 - Mag-Bags | M\u0131knat\u0131sl\u0131 Spor \u00c7antas\u0131<\/title>\n<meta name=\"robots\" content=\"index, follow, max-snippet:-1, max-image-preview:large, max-video-preview:-1\" \/>\n<link rel=\"canonical\" href=\"https:\/\/mag-bags.com\/index.php\/gizlilik-politikasi\/\" \/>\n<meta property=\"og:locale\" content=\"tr_TR\" \/>\n<meta property=\"og:type\" content=\"article\" \/>\n<meta property=\"og:title\" content=\"Gizlilik Politikas\u0131\" \/>\n<meta property=\"og:description\" content=\"MAG- BAGS Gizlilik Politikas\u0131 Bu Gizlilik Politikas\u0131, https:\/\/mag-bags.com\u00a0sitesini ziyaret etti\u011finizde veya sat\u0131n ald\u0131\u011f\u0131n\u0131zda ki\u015fisel bilgilerinizin nas\u0131l topland\u0131\u011f\u0131n\u0131, kullan\u0131ld\u0131\u011f\u0131n\u0131 ve payla\u015f\u0131ld\u0131\u011f\u0131n\u0131 a\u00e7\u0131klamaktad\u0131r. Toplad\u0131\u011f\u0131m\u0131z Ki\u015fisel Bilgiler Siteyi ziyaret etti\u011finizde, web taray\u0131c\u0131n\u0131z, IP...\" \/>\n<meta property=\"og:url\" content=\"https:\/\/mag-bags.com\/index.php\/gizlilik-politikasi\/\" \/>\n<meta property=\"og:site_name\" content=\"Mag-Bags | M\u0131knat\u0131sl\u0131 Spor \u00c7antas\u0131\" \/>\n<meta property=\"article:modified_time\" content=\"2024-10-12T23:34:21+00:00\" \/>\n<meta name=\"twitter:card\" content=\"summary_large_image\" \/>\n<meta name=\"twitter:label1\" content=\"Tahmini okuma s\u00fcresi\" \/>\n\t<meta name=\"twitter:data1\" content=\"6 dakika\" \/>\n<script type=\"application\/ld+json\" class=\"yoast-schema-graph\">{\"@context\":\"https:\\\/\\\/schema.org\",\"@graph\":[{\"@type\":\"WebPage\",\"@id\":\"https:\\\/\\\/mag-bags.com\\\/index.php\\\/gizlilik-politikasi\\\/\",\"url\":\"https:\\\/\\\/mag-bags.com\\\/index.php\\\/gizlilik-politikasi\\\/\",\"name\":\"Gizlilik Politikas\u0131 - Mag-Bags | M\u0131knat\u0131sl\u0131 Spor \u00c7antas\u0131\",\"isPartOf\":{\"@id\":\"https:\\\/\\\/mag-bags.com\\\/#website\"},\"datePublished\":\"2024-09-22T19:04:32+00:00\",\"dateModified\":\"2024-10-12T23:34:21+00:00\",\"breadcrumb\":{\"@id\":\"https:\\\/\\\/mag-bags.com\\\/index.php\\\/gizlilik-politikasi\\\/#breadcrumb\"},\"inLanguage\":\"tr\",\"potentialAction\":[{\"@type\":\"ReadAction\",\"target\":[\"https:\\\/\\\/mag-bags.com\\\/index.php\\\/gizlilik-politikasi\\\/\"]}]},{\"@type\":\"BreadcrumbList\",\"@id\":\"https:\\\/\\\/mag-bags.com\\\/index.php\\\/gizlilik-politikasi\\\/#breadcrumb\",\"itemListElement\":[{\"@type\":\"ListItem\",\"position\":1,\"name\":\"Anasayfa\",\"item\":\"https:\\\/\\\/mag-bags.com\\\/\"},{\"@type\":\"ListItem\",\"position\":2,\"name\":\"Gizlilik Politikas\u0131\"}]},{\"@type\":\"WebSite\",\"@id\":\"https:\\\/\\\/mag-bags.com\\\/#website\",\"url\":\"https:\\\/\\\/mag-bags.com\\\/\",\"name\":\"Mag-Bags | M\u0131knat\u0131sl\u0131 Spor \u00c7antas\u0131\",\"description\":\"\",\"publisher\":{\"@id\":\"https:\\\/\\\/mag-bags.com\\\/#organization\"},\"potentialAction\":[{\"@type\":\"SearchAction\",\"target\":{\"@type\":\"EntryPoint\",\"urlTemplate\":\"https:\\\/\\\/mag-bags.com\\\/?s={search_term_string}\"},\"query-input\":{\"@type\":\"PropertyValueSpecification\",\"valueRequired\":true,\"valueName\":\"search_term_string\"}}],\"inLanguage\":\"tr\"},{\"@type\":\"Organization\",\"@id\":\"https:\\\/\\\/mag-bags.com\\\/#organization\",\"name\":\"Mag-Bags | M\u0131knat\u0131sl\u0131 Spor \u00c7antas\u0131\",\"url\":\"https:\\\/\\\/mag-bags.com\\\/\",\"logo\":{\"@type\":\"ImageObject\",\"inLanguage\":\"tr\",\"@id\":\"https:\\\/\\\/mag-bags.com\\\/#\\\/schema\\\/logo\\\/image\\\/\",\"url\":\"https:\\\/\\\/mag-bags.com\\\/wp-content\\\/uploads\\\/2024\\\/09\\\/mag-bags-green-logo.png\",\"contentUrl\":\"https:\\\/\\\/mag-bags.com\\\/wp-content\\\/uploads\\\/2024\\\/09\\\/mag-bags-green-logo.png\",\"width\":620,\"height\":402,\"caption\":\"Mag-Bags | M\u0131knat\u0131sl\u0131 Spor \u00c7antas\u0131\"},\"image\":{\"@id\":\"https:\\\/\\\/mag-bags.com\\\/#\\\/schema\\\/logo\\\/image\\\/\"},\"sameAs\":[\"https:\\\/\\\/www.instagram.com\\\/magbagstr\\\/\"]}]}<\/script>\n<!-- \/ Yoast SEO Premium plugin. -->","yoast_head_json":{"title":"Gizlilik Politikas\u0131 - Mag-Bags | M\u0131knat\u0131sl\u0131 Spor \u00c7antas\u0131","robots":{"index":"index","follow":"follow","max-snippet":"max-snippet:-1","max-image-preview":"max-image-preview:large","max-video-preview":"max-video-preview:-1"},"canonical":"https:\/\/mag-bags.com\/index.php\/gizlilik-politikasi\/","og_locale":"tr_TR","og_type":"article","og_title":"Gizlilik Politikas\u0131","og_description":"MAG- BAGS Gizlilik Politikas\u0131 Bu Gizlilik Politikas\u0131, https:\/\/mag-bags.com\u00a0sitesini ziyaret etti\u011finizde veya sat\u0131n ald\u0131\u011f\u0131n\u0131zda ki\u015fisel bilgilerinizin nas\u0131l topland\u0131\u011f\u0131n\u0131, kullan\u0131ld\u0131\u011f\u0131n\u0131 ve payla\u015f\u0131ld\u0131\u011f\u0131n\u0131 a\u00e7\u0131klamaktad\u0131r. Toplad\u0131\u011f\u0131m\u0131z Ki\u015fisel Bilgiler Siteyi ziyaret etti\u011finizde, web taray\u0131c\u0131n\u0131z, IP...","og_url":"https:\/\/mag-bags.com\/index.php\/gizlilik-politikasi\/","og_site_name":"Mag-Bags | M\u0131knat\u0131sl\u0131 Spor \u00c7antas\u0131","article_modified_time":"2024-10-12T23:34:21+00:00","twitter_card":"summary_large_image","twitter_misc":{"Tahmini okuma s\u00fcresi":"6 dakika"},"schema":{"@context":"https:\/\/schema.org","@graph":[{"@type":"WebPage","@id":"https:\/\/mag-bags.com\/index.php\/gizlilik-politikasi\/","url":"https:\/\/mag-bags.com\/index.php\/gizlilik-politikasi\/","name":"Gizlilik Politikas\u0131 - Mag-Bags | M\u0131knat\u0131sl\u0131 Spor \u00c7antas\u0131","isPartOf":{"@id":"https:\/\/mag-bags.com\/#website"},"datePublished":"2024-09-22T19:04:32+00:00","dateModified":"2024-10-12T23:34:21+00:00","breadcrumb":{"@id":"https:\/\/mag-bags.com\/index.php\/gizlilik-politikasi\/#breadcrumb"},"inLanguage":"tr","potentialAction":[{"@type":"ReadAction","target":["https:\/\/mag-bags.com\/index.php\/gizlilik-politikasi\/"]}]},{"@type":"BreadcrumbList","@id":"https:\/\/mag-bags.com\/index.php\/gizlilik-politikasi\/#breadcrumb","itemListElement":[{"@type":"ListItem","position":1,"name":"Anasayfa","item":"https:\/\/mag-bags.com\/"},{"@type":"ListItem","position":2,"name":"Gizlilik Politikas\u0131"}]},{"@type":"WebSite","@id":"https:\/\/mag-bags.com\/#website","url":"https:\/\/mag-bags.com\/","name":"Mag-Bags | M\u0131knat\u0131sl\u0131 Spor \u00c7antas\u0131","description":"","publisher":{"@id":"https:\/\/mag-bags.com\/#organization"},"potentialAction":[{"@type":"SearchAction","target":{"@type":"EntryPoint","urlTemplate":"https:\/\/mag-bags.com\/?s={search_term_string}"},"query-input":{"@type":"PropertyValueSpecification","valueRequired":true,"valueName":"search_term_string"}}],"inLanguage":"tr"},{"@type":"Organization","@id":"https:\/\/mag-bags.com\/#organization","name":"Mag-Bags | M\u0131knat\u0131sl\u0131 Spor \u00c7antas\u0131","url":"https:\/\/mag-bags.com\/","logo":{"@type":"ImageObject","inLanguage":"tr","@id":"https:\/\/mag-bags.com\/#\/schema\/logo\/image\/","url":"https:\/\/mag-bags.com\/wp-content\/uploads\/2024\/09\/mag-bags-green-logo.png","contentUrl":"https:\/\/mag-bags.com\/wp-content\/uploads\/2024\/09\/mag-bags-green-logo.png","width":620,"height":402,"caption":"Mag-Bags | M\u0131knat\u0131sl\u0131 Spor \u00c7antas\u0131"},"image":{"@id":"https:\/\/mag-bags.com\/#\/schema\/logo\/image\/"},"sameAs":["https:\/\/www.instagram.com\/magbagstr\/"]}]}},"uagb_featured_image_src":{"full":false,"thumbnail":false,"medium":false,"medium_large":false,"large":false,"1536x1536":false,"2048x2048":false,"portfolio-thumb":false,"nectar_small_square":false,"portfolio-thumb_large":false,"portfolio-thumb_small":false,"portfolio-widget":false,"wide":false,"wide_photography":false,"wide_small":false,"regular":false,"regular_small":false,"tall":false,"wide_tall":false,"large_featured":false,"medium_featured":false,"woocommerce_thumbnail":false,"woocommerce_single":false,"woocommerce_gallery_thumbnail":false},"uagb_author_info":{"display_name":"copluk@vakineva.com","author_link":"https:\/\/mag-bags.com\/index.php\/author\/coplukvakineva-com\/"},"uagb_comment_info":0,"uagb_excerpt":"MAG- BAGS Gizlilik Politikas\u0131 Bu Gizlilik Politikas\u0131, https:\/\/mag-bags.com\u00a0sitesini ziyaret etti\u011finizde veya sat\u0131n ald\u0131\u011f\u0131n\u0131zda ki\u015fisel bilgilerinizin nas\u0131l topland\u0131\u011f\u0131n\u0131, kullan\u0131ld\u0131\u011f\u0131n\u0131 ve payla\u015f\u0131ld\u0131\u011f\u0131n\u0131 a\u00e7\u0131klamaktad\u0131r. Toplad\u0131\u011f\u0131m\u0131z Ki\u015fisel Bilgiler Siteyi ziyaret etti\u011finizde, web taray\u0131c\u0131n\u0131z, IP...","jetpack_sharing_enabled":true,"_links":{"self":[{"href":"https:\/\/mag-bags.com\/index.php\/wp-json\/wp\/v2\/pages\/3","targetHints":{"allow":["GET"]}}],"collection":[{"href":"https:\/\/mag-bags.com\/index.php\/wp-json\/wp\/v2\/pages"}],"about":[{"href":"https:\/\/mag-bags.com\/index.php\/wp-json\/wp\/v2\/types\/page"}],"author":[{"embeddable":true,"href":"https:\/\/mag-bags.com\/index.php\/wp-json\/wp\/v2\/users\/1"}],"replies":[{"embeddable":true,"href":"https:\/\/mag-bags.com\/index.php\/wp-json\/wp\/v2\/comments?post=3"}],"version-history":[{"count":3,"href":"https:\/\/mag-bags.com\/index.php\/wp-json\/wp\/v2\/pages\/3\/revisions"}],"predecessor-version":[{"id":2612,"href":"https:\/\/mag-bags.com\/index.php\/wp-json\/wp\/v2\/pages\/3\/revisions\/2612"}],"wp:attachment":[{"href":"https:\/\/mag-bags.com\/index.php\/wp-json\/wp\/v2\/media?parent=3"}],"curies":[{"name":"wp","href":"https:\/\/api.w.org\/{rel}","templated":true}]}}