{"id":2614,"date":"2024-10-13T02:41:41","date_gmt":"2024-10-12T23:41:41","guid":{"rendered":"https:\/\/mag-bags.com\/?page_id=2614"},"modified":"2024-10-13T02:41:41","modified_gmt":"2024-10-12T23:41:41","slug":"hizmet-sartlari","status":"publish","type":"page","link":"https:\/\/mag-bags.com\/index.php\/hizmet-sartlari\/","title":{"rendered":"Hizmet \u015eartlar\u0131"},"content":{"rendered":"<h2>Ki\u015fisel Verilerin Korunmas\u0131na \u0130li\u015fkin Bilgilendirme;<\/h2>\n<p>CUTOFF TEKNOLOJ\u0130 S\u0130STEMLER\u0130 SANAY\u0130 VE T\u0130CARET L\u0130M\u0130TED \u015e\u0130RKET\u0130 olarak ki\u015fisel verilerinizin 6698 say\u0131l\u0131 Ki\u015fisel Verilerin Korunmas\u0131 Kanunu&#8217;na (\u201cKanun\u201d) uygun olarak i\u015flenerek, muhafaza edilmesine bu\u0308yu\u0308k \u00f6nem veriyoruz. M\u00fc\u015fterilerimizi ki\u015fisel verileri toplama, i\u015fleme, aktarma amac\u0131m\u0131z ve y\u00f6ntemlerimiz ve buna ba\u011fl\u0131 olarak sizlerin Kanun&#8217;dan kaynaklanan haklar\u0131n\u0131zla ilgili bilgilendirmek isteriz.<\/p>\n<p><strong>1. Ki\u015fisel verilerin toplanmas\u0131na ili\u015fkin y\u00f6ntemler<\/strong><br \/>\nCUTOFF TEKNOLOJ\u0130 S\u0130STEMLER\u0130 SANAY\u0130 VE T\u0130CARET L\u0130M\u0130TED \u015e\u0130RKET\u0130 olarak, veri sorumlusu s\u0131fat\u0131yla, mevzuattan kaynaklanan yasal yu\u0308ku\u0308mlu\u0308lu\u0308klerimiz \u00e7er\u00e7evesinde; markalar\u0131m\u0131z\u0131n hizmetlerinden faydalanabilmeniz, onay\u0131n\u0131z halinde kampanyalar\u0131m\u0131z hakk\u0131nda sizleri bilgilendirmek, \u00f6neri ve \u015fikayetlerinizi kay\u0131t alt\u0131na alabilmek, sizlere daha iyi hizmet standartlar\u0131 olu\u015fturabilmek, CUTOFF TEKNOLOJ\u0130 S\u0130STEMLER\u0130 SANAY\u0130 VE T\u0130CARET L\u0130M\u0130TED \u015e\u0130RKET\u0130 ticari ve i\u015f stratejilerinin belirlenmesi ve uygulanmas\u0131 gibi ama\u00e7larla ki\u015fisel verilerinizi s\u00f6zlu\u0308, internet sitesi, sosyal medya mecralar\u0131, mobil uygulamalar ve benzeri vas\u0131talarla s\u00f6zlu\u0308, yaz\u0131l\u0131 ya da elektronik y\u00f6ntemlerle toplamaktay\u0131z.<\/p>\n<p><strong>2. Ki\u015fisel verilerin i\u015flenmesi ve i\u015fleme ama\u00e7lar\u0131<\/strong><br \/>\nCUTOFF TEKNOLOJ\u0130 S\u0130STEMLER\u0130 SANAY\u0130 VE T\u0130CARET L\u0130M\u0130TED \u015e\u0130RKET\u0130 olarak, veri sorumlusu s\u0131fat\u0131 ile \u00e7a\u011fr\u0131 merkezlerimiz, yaz\u0131l\u0131 ileti\u015fim kanallar\u0131m\u0131z, sosyal medya sayfalar\u0131m\u0131z, mobil ileti\u015fim kanallar\u0131, ma\u011faza i\u00e7i ileti\u015fim kanallar\u0131 ve\/veya bunlarla s\u0131n\u0131rl\u0131 olmamak u\u0308zere her tu\u0308rlu\u0308 kanallar arac\u0131l\u0131\u011f\u0131 ile; onay\u0131n\u0131z dahilinde elde etti\u011fimiz ki\u015fisel ve\/veya \u00f6zel nitelikli ki\u015fisel verileriniz tamamen veya k\u0131smen elde edilebilir, kaydedilebilir, saklanabilir, depolanabilir, de\u011fi\u015ftirilebilir, gu\u0308ncellenebilir, periyodik olarak kontrol edilebilir, yeniden du\u0308zenlenebilir, s\u0131n\u0131fland\u0131r\u0131labilir, i\u015flendikleri ama\u00e7 i\u00e7in gerekli olan ya da ilgili kanunda \u00f6ng\u00f6ru\u0308len su\u0308re kadar muhafaza edilebilir, kanuni ya da hizmete ba\u011fl\u0131 fiili gereklilikler halinde CUTOFF TEKNOLOJ\u0130 S\u0130STEMLER\u0130 SANAY\u0130 VE T\u0130CARET L\u0130M\u0130TED \u015e\u0130RKET\u0130 &#8216;n\u0131n birlikte \u00e7al\u0131\u015ft\u0131\u011f\u0131 \u00f6zel-tu\u0308zel ki\u015filerle ya da kanunen yu\u0308ku\u0308mlu\u0308 oldu\u011fu kamu kurum ve kurulu\u015flar\u0131yla ve\/veya Tu\u0308rkiye&#8217;de veya yurt d\u0131\u015f\u0131nda mukim olan ilgili 3. ki\u015fi ger\u00e7ek ki\u015fi\/tu\u0308zel ki\u015filerle payla\u015f\u0131labilir\/devredilebilir, kanuni ya da hizmete ba\u011fl\u0131 fiili gereklilikler halinde yurtd\u0131\u015f\u0131na aktar\u0131labilir.<\/p>\n<p>CUTOFF TEKNOLOJ\u0130 S\u0130STEMLER\u0130 SANAY\u0130 VE T\u0130CARET L\u0130M\u0130TED \u015e\u0130RKET\u0130 mu\u0308\u015fterilerinin markalar\u0131m\u0131z\u0131n hizmetlerinden faydalanabilmesi, onay\u0131n\u0131z halinde kampanyalar\u0131m\u0131z hakk\u0131nda sizleri bilgilendirmek, \u00f6neri ve \u015fikayetlerinizi kay\u0131t alt\u0131na alabilmek, sizlere daha iyi hizmet standartlar\u0131 olu\u015fturabilmek, EGNACE LTD. ticari ve i\u015f stratejilerinin belirlenmesi ve uygulanmas\u0131 gibi ama\u00e7larla ve her halu\u0308karda 6698 say\u0131l\u0131 Ki\u015fisel Verilerin Korunmas\u0131 Kanunu ve ilgili mevzuata uygun olarak ki\u015fisel verilerinizi i\u015fleyebilece\u011fimizi bilginize sunar\u0131z.<\/p>\n<p><strong>3. Ki\u015fisel Verilerin Aktar\u0131lmas\u0131<\/strong><br \/>\nCUTOFF TEKNOLOJ\u0130 S\u0130STEMLER\u0130 SANAY\u0130 VE T\u0130CARET L\u0130M\u0130TED \u015e\u0130RKET\u0130, s\u00f6z konusu ki\u015fisel verilerinizi sadece; a\u00e7\u0131k r\u0131zan\u0131za istinaden veya Kanun&#8217;da belirtilen gu\u0308venlik ve gizlilik esaslar\u0131 \u00e7er\u00e7evesinde yeterli \u00f6nlemler al\u0131nmak kayd\u0131yla yurt i\u00e7inde ve gerekli gu\u0308venlik \u00f6nlemlerinin al\u0131nmas\u0131 kayd\u0131yla yurt d\u0131\u015f\u0131nda, \u015eirket faaliyetlerinin yu\u0308ru\u0308tu\u0308lmesi, veri sahipleri ile mu\u0308\u015fterilerimiz aras\u0131ndaki i\u015f ili\u015fkisinin sa\u011flanmas\u0131 ve\/veya bu ama\u00e7la g\u00f6ru\u0308\u015fmeler yap\u0131lmas\u0131, hizmetler, f\u0131rsat ve olanaklar sunulmas\u0131 ve hizmet kalitesinin art\u0131r\u0131lmas\u0131 amac\u0131yla; grup \u015firketlerimiz, i\u015f ortaklar\u0131m\u0131z, faaliyetlerimizin gere\u011fi anla\u015fmal\u0131 oldu\u011fumuz ve hizmet sundu\u011fumuz mu\u0308\u015fteriler, tedarik\u00e7iler, denetim \u015firketleri veya yasal bir zorunluluk gere\u011fi bu verileri talep etmeye yetkili olan kamu kurum veya kurulu\u015flar\u0131, bunlarla s\u0131n\u0131rl\u0131 olmamak u\u0308zere ilgili di\u011fer otoriteler ile payla\u015fabilecektir.<\/p>\n<p><strong>4. Ki\u015fisel Veri Sahibinin KVK Kanunu&#8217;nun (\u201cKanun\u201d) 11. maddesinde Say\u0131lan Haklar\u0131<\/strong><br \/>\nCUTOFF TEKNOLOJ\u0130 S\u0130STEMLER\u0130 SANAY\u0130 VE T\u0130CARET L\u0130M\u0130TED \u015e\u0130RKET\u0130 ilgili ki\u015filerin a\u015fa\u011f\u0131daki taleplerine kar\u015f\u0131l\u0131k verecektir:<\/p>\n<p>a) CUTOFF TEKNOLOJ\u0130 S\u0130STEMLER\u0130 SANAY\u0130 VE T\u0130CARET L\u0130M\u0130TED \u015e\u0130RKET\u0130&#8217;nin kendilerine ili\u015fkin ki\u015fisel verileri i\u015fleyip i\u015flemedi\u011fini ve hangi ki\u015fisel verileri i\u015fledi\u011fini \u00f6\u011frenme,<\/p>\n<p>b) \u0130\u015fleme faaliyetinin ama\u00e7lar\u0131na ili\u015fkin bilgi alma,<\/p>\n<p>c) CUTOFF TEKNOLOJ\u0130 S\u0130STEMLER\u0130 SANAY\u0130 VE T\u0130CARET L\u0130M\u0130TED \u015e\u0130RKET\u0130&#8217;nin yurt i\u00e7inde veya yurt d\u0131\u015f\u0131nda ki\u015fisel verileri aktard\u0131\u011f\u0131 u\u0308\u00e7u\u0308ncu\u0308 ki\u015fileri bilme,<\/p>\n<p>d) Ki\u015fisel verilerin eksik veya yanl\u0131\u015f i\u015flenmi\u015f olmas\u0131 h\u00e2linde bunlar\u0131n du\u0308zeltilmesini isteme,<\/p>\n<p>e) Kanuna uygun olarak ki\u015fisel verilerin silinmesini veya yok edilmesini isteme,<\/p>\n<p>f) Ki\u015fisel verilerin du\u0308zeltilmesi, silinmesi ya da yok edilmesi talebi halinde; yap\u0131lan i\u015flemlerin, ki\u015fisel verilerin aktar\u0131ld\u0131\u011f\u0131 u\u0308\u00e7u\u0308ncu\u0308 ki\u015filere bildirilmesini isteme,<\/p>\n<p>g) \u0130\u015flenen verilerin mu\u0308nhas\u0131ran otomatik sistemler vas\u0131tas\u0131yla analiz edilmesi suretiyle ki\u015finin kendisi aleyhine bir sonucun ortaya \u00e7\u0131kmas\u0131na itiraz etme ve<\/p>\n<p>h) Ki\u015fisel verilerinin birer kopyas\u0131n\u0131 alma.<\/p>\n<h2>Gizlilik ve G\u00fcvenlik<\/h2>\n<p>CUTOFF TEKNOLOJ\u0130 S\u0130STEMLER\u0130 SANAY\u0130 VE T\u0130CARET L\u0130M\u0130TED \u015e\u0130RKET\u0130 Online Shop, m\u00fc\u015fterilerine daha iyi hizmet verebilmek amac\u0131yla baz\u0131 ki\u015fisel bilgilerinizi (isim, ya\u015f, ilgi alanlar\u0131n\u0131z, e-posta vb.) sizlerden talep etmektedir. CUTOFF TEKNOLOJ\u0130 S\u0130STEMLER\u0130 SANAY\u0130 VE T\u0130CARET L\u0130M\u0130TED \u015e\u0130RKET\u0130 Online Shop sunucular\u0131nda toplanan bu bilgiler, d\u00f6nemsel kampanya \u00e7al\u0131\u015fmalar\u0131, m\u00fc\u015fteri profillerine y\u00f6nelik \u00f6zel promosyon faaliyetlerinin kurgulanmas\u0131 ve istenmeyen e-postalar\u0131n iletilmemesine y\u00f6nelik m\u00fc\u015fteri &#8220;s\u0131n\u0131fland\u0131rma&#8221; \u00e7al\u0131\u015fmalar\u0131nda sadece CUTOFF TEKNOLOJ\u0130 S\u0130STEMLER\u0130 SANAY\u0130 VE T\u0130CARET L\u0130M\u0130TED \u015e\u0130RKET\u0130 Online Shop b\u00fcnyesinde kullan\u0131lmaktad\u0131r. CUTOFF TEKNOLOJ\u0130 S\u0130STEMLER\u0130 SANAY\u0130 VE T\u0130CARET L\u0130M\u0130TED \u015e\u0130RKET\u0130 Online Shop, \u00fcyelik formlar\u0131ndan toplad\u0131\u011f\u0131 bilgileri s\u00f6z konusu \u00fcyenin haberi ya da aksi bir talimat\u0131 olmaks\u0131z\u0131n, \u00fc\u00e7\u00fcnc\u00fc \u015fah\u0131slarla kesinlikle payla\u015fmamakta, faaliyet d\u0131\u015f\u0131 hi\u00e7bir nedenle ticari ama\u00e7la kullanmamakta ve de satmamaktad\u0131r.<\/p>\n<p>M\u00fc\u015fteri bilgileri, ancak resmi makamlarca bu bilgilerin talep edilmesi halinde ve y\u00fcr\u00fcrl\u00fckteki emredici mevzuat h\u00fck\u00fcmleri gere\u011fince resmi makamlara a\u00e7\u0131klama yapmak zorunda oldu\u011fu durumlarda resmi makamlara a\u00e7\u0131klanabilecektir.<\/p>\n<p>M\u00fc\u015fterinin sisteme girdi\u011fi t\u00fcm bilgilere sadece m\u00fc\u015fteri ula\u015fabilmekte ve bu bilgileri sadece m\u00fc\u015fteri de\u011fi\u015ftirebilmektedir. Bir ba\u015fkas\u0131n\u0131n bu bilgilere ula\u015fmas\u0131 ve bunlar\u0131 de\u011fi\u015ftirmesi m\u00fcmk\u00fcn de\u011fildir. \u00d6deme sayfas\u0131nda istenen kredi kart\u0131 bilgileriniz, siteden al\u0131\u015fveri\u015f yapan siz de\u011ferli m\u00fc\u015fterilerimizin g\u00fcvenli\u011fini en \u00fcst seviyede tutmak amac\u0131yla hi\u00e7bir \u015fekilde CUTOFF TEKNOLOJ\u0130 S\u0130STEMLER\u0130 SANAY\u0130 VE T\u0130CARET L\u0130M\u0130TED \u015e\u0130RKET\u0130 Online Shop veya ona hizmet veren \u015firketlerin sunucular\u0131nda tutulmamaktad\u0131r. Bu \u015fekilde \u00f6demeye y\u00f6nelik t\u00fcm i\u015flemlerin CUTOFF TEKNOLOJ\u0130 S\u0130STEMLER\u0130 SANAY\u0130 VE T\u0130CARET L\u0130M\u0130TED \u015e\u0130RKET\u0130 Online Shop aray\u00fcz\u00fc \u00fczerinden banka ve bilgisayar\u0131n\u0131z aras\u0131nda ger\u00e7ekle\u015fmesi sa\u011flanmaktad\u0131r.<\/p>\n<h2>\u00c7erez Kullan\u0131m\u0131<\/h2>\n<p>\u00c7erezler, sitemizi ziyaret etti\u011finizde bilgisayar\u0131n\u0131z ya da mobil cihaz\u0131n\u0131za (ak\u0131ll\u0131 telefon veya tablet gibi) kaydedilen k\u00fc\u00e7\u00fck metin dosyalar\u0131 ya da bilgilerdir.<\/p>\n<p>\u00c7erezleri, Sitelerimizin daha kolay kullan\u0131lmas\u0131 ve sizin ilgi ve ihtiya\u00e7lar\u0131n\u0131za g\u00f6re ayarlanmas\u0131 i\u00e7in kullan\u0131yoruz. \u0130nternet siteleri bu \u00e7erez dosyalar\u0131 okuyup yazabiliyorlar ve bu sayede tan\u0131nman\u0131z ve size daha uygun bir internet sitesi sunulmas\u0131 amac\u0131yla sizinle ilgili \u00f6nemli bilgilerin hat\u0131rlanmas\u0131 sa\u011flan\u0131yor (tercih ayarlar\u0131n\u0131z\u0131n hat\u0131rlanmas\u0131 gibi).<\/p>\n<p>\u00c7erezler ayr\u0131ca, Sitelerimiz \u00fczerinde gelecekteki hareketlerinizin h\u0131zlanmas\u0131na da yard\u0131mc\u0131 olur. Bunlara ek olarak, ziyaret\u00e7ilerin Sitelerimizi nas\u0131l kulland\u0131\u011f\u0131n\u0131 anlamak ve Sitelerimizin tasar\u0131m\u0131n\u0131 ve kullan\u0131\u015fl\u0131l\u0131\u011f\u0131n\u0131 geli\u015ftirmek amac\u0131yla \u00e7erezleri Sitelerimizin kullan\u0131m\u0131 hakk\u0131nda istatistiksel bilgiler toplamak i\u00e7in de kullanabiliriz.<\/p>\n<p>&nbsp;<\/p>\n<p><strong>CUTOFF TEKNOLOJ\u0130 S\u0130STEMLER\u0130 SANAY\u0130 VE T\u0130CARET L\u0130M\u0130TED \u015e\u0130RKET\u0130<\/strong><\/p>\n<p><strong>Company number: 01020304<\/strong><\/p>\n<div class=\"container-wrap\">\n<div class=\"container main-content\" role=\"main\">\n<div class=\"row\">\n<p><strong>TERAZ\u0130DERE MAH. G\u00dcNE\u015e CAD. NO: 62\/1 PK: 34035 BAYRAMPA\u015eA \u2013 \u0130STANBUL<\/strong><\/p>\n<p>&nbsp;<\/p>\n<\/div>\n<\/div>\n<\/div>\n<p>By consenting to [CUTOFF TEKNOLOJ\u0130 S\u0130STEMLER\u0130 SANAY\u0130 VE T\u0130CARET L\u0130M\u0130TED \u015e\u0130RKET\u0130]\u2019s SMS marketing in the checkout and initializing a purchase or subscribing via our subscription tools, you agree to receive recurring text notifications (for your order, including abandoned checkout reminders), text marketing offers, and transactional texts, including requests for reviews from us, even if your mobile number is registered on any state or federal do-not-call list. Message frequency varies. Consent is not a condition of purchase.<\/p>\n<p>If you wish to unsubscribe from receiving text marketing messages and notifications, reply with STOP to any mobile message sent from us or use the unsubscribe link we provided you within any of our messages. You understand and agree that alternative methods of opting out, such as using alternative words or requests, will not be considered a reasonable means of opting out. We do not charge for the service, but you are responsible for all charges and fees associated with text messaging imposed by your wireless provider. Message and data rates may apply.<\/p>\n<p>For any questions, please text HELP to the number you received the messages from. You can also contact us at info@denstore.com for more information.<\/p>\n<p>We have the right to modify any telephone number or short code we use to operate the service at any time. You will be notified on such occasions. You agree that any messages you send to a telephone number or short code we have changed, including any STOP or HELP requests, may not be received, and we will not be liable for honoring requests made in such messages.<\/p>\n<p>To the extent permitted by applicable law, you agree that we will not be liable for failed, delayed, or misdirected delivery of any information sent through the service, any errors in such information, and\/or any action you may or may not take in reliance on the information or Service.<\/p>\n<p>Your right to privacy is important to us. You can see our Privacy Policy https:\/\/denstore.com\/policies\/privacy-policy to determine how we collect and use your personal information.<\/p>\n","protected":false},"excerpt":{"rendered":"<p>Ki\u015fisel Verilerin Korunmas\u0131na \u0130li\u015fkin Bilgilendirme; CUTOFF TEKNOLOJ\u0130 S\u0130STEMLER\u0130 SANAY\u0130 VE T\u0130CARET L\u0130M\u0130TED \u015e\u0130RKET\u0130 olarak ki\u015fisel verilerinizin 6698 say\u0131l\u0131 Ki\u015fisel Verilerin Korunmas\u0131 Kanunu&#8217;na (\u201cKanun\u201d) uygun olarak i\u015flenerek, muhafaza edilmesine bu\u0308yu\u0308k \u00f6nem&#8230;<\/p>\n","protected":false},"author":1,"featured_media":0,"parent":0,"menu_order":0,"comment_status":"closed","ping_status":"closed","template":"","meta":{"_uag_custom_page_level_css":"","footnotes":""},"class_list":["post-2614","page","type-page","status-publish"],"yoast_head":"<!-- This site is optimized with the Yoast SEO Premium plugin v23.6 (Yoast SEO v27.4) - https:\/\/yoast.com\/product\/yoast-seo-premium-wordpress\/ -->\n<title>Hizmet \u015eartlar\u0131 - Mag-Bags | M\u0131knat\u0131sl\u0131 Spor \u00c7antas\u0131<\/title>\n<meta name=\"robots\" content=\"index, follow, max-snippet:-1, max-image-preview:large, max-video-preview:-1\" \/>\n<link rel=\"canonical\" href=\"https:\/\/mag-bags.com\/index.php\/hizmet-sartlari\/\" \/>\n<meta property=\"og:locale\" content=\"tr_TR\" \/>\n<meta property=\"og:type\" content=\"article\" \/>\n<meta property=\"og:title\" content=\"Hizmet \u015eartlar\u0131\" \/>\n<meta property=\"og:description\" content=\"Ki\u015fisel Verilerin Korunmas\u0131na \u0130li\u015fkin Bilgilendirme; CUTOFF TEKNOLOJ\u0130 S\u0130STEMLER\u0130 SANAY\u0130 VE T\u0130CARET L\u0130M\u0130TED \u015e\u0130RKET\u0130 olarak ki\u015fisel verilerinizin 6698 say\u0131l\u0131 Ki\u015fisel Verilerin Korunmas\u0131 Kanunu&#8217;na (\u201cKanun\u201d) uygun olarak i\u015flenerek, muhafaza edilmesine bu\u0308yu\u0308k \u00f6nem...\" \/>\n<meta property=\"og:url\" content=\"https:\/\/mag-bags.com\/index.php\/hizmet-sartlari\/\" \/>\n<meta property=\"og:site_name\" content=\"Mag-Bags | M\u0131knat\u0131sl\u0131 Spor \u00c7antas\u0131\" \/>\n<meta name=\"twitter:card\" content=\"summary_large_image\" \/>\n<meta name=\"twitter:label1\" content=\"Tahmini okuma s\u00fcresi\" \/>\n\t<meta name=\"twitter:data1\" content=\"8 dakika\" \/>\n<script type=\"application\/ld+json\" class=\"yoast-schema-graph\">{\"@context\":\"https:\\\/\\\/schema.org\",\"@graph\":[{\"@type\":\"WebPage\",\"@id\":\"https:\\\/\\\/mag-bags.com\\\/index.php\\\/hizmet-sartlari\\\/\",\"url\":\"https:\\\/\\\/mag-bags.com\\\/index.php\\\/hizmet-sartlari\\\/\",\"name\":\"Hizmet \u015eartlar\u0131 - Mag-Bags | M\u0131knat\u0131sl\u0131 Spor \u00c7antas\u0131\",\"isPartOf\":{\"@id\":\"https:\\\/\\\/mag-bags.com\\\/#website\"},\"datePublished\":\"2024-10-12T23:41:41+00:00\",\"breadcrumb\":{\"@id\":\"https:\\\/\\\/mag-bags.com\\\/index.php\\\/hizmet-sartlari\\\/#breadcrumb\"},\"inLanguage\":\"tr\",\"potentialAction\":[{\"@type\":\"ReadAction\",\"target\":[\"https:\\\/\\\/mag-bags.com\\\/index.php\\\/hizmet-sartlari\\\/\"]}]},{\"@type\":\"BreadcrumbList\",\"@id\":\"https:\\\/\\\/mag-bags.com\\\/index.php\\\/hizmet-sartlari\\\/#breadcrumb\",\"itemListElement\":[{\"@type\":\"ListItem\",\"position\":1,\"name\":\"Anasayfa\",\"item\":\"https:\\\/\\\/mag-bags.com\\\/\"},{\"@type\":\"ListItem\",\"position\":2,\"name\":\"Hizmet \u015eartlar\u0131\"}]},{\"@type\":\"WebSite\",\"@id\":\"https:\\\/\\\/mag-bags.com\\\/#website\",\"url\":\"https:\\\/\\\/mag-bags.com\\\/\",\"name\":\"Mag-Bags | M\u0131knat\u0131sl\u0131 Spor \u00c7antas\u0131\",\"description\":\"\",\"publisher\":{\"@id\":\"https:\\\/\\\/mag-bags.com\\\/#organization\"},\"potentialAction\":[{\"@type\":\"SearchAction\",\"target\":{\"@type\":\"EntryPoint\",\"urlTemplate\":\"https:\\\/\\\/mag-bags.com\\\/?s={search_term_string}\"},\"query-input\":{\"@type\":\"PropertyValueSpecification\",\"valueRequired\":true,\"valueName\":\"search_term_string\"}}],\"inLanguage\":\"tr\"},{\"@type\":\"Organization\",\"@id\":\"https:\\\/\\\/mag-bags.com\\\/#organization\",\"name\":\"Mag-Bags | M\u0131knat\u0131sl\u0131 Spor \u00c7antas\u0131\",\"url\":\"https:\\\/\\\/mag-bags.com\\\/\",\"logo\":{\"@type\":\"ImageObject\",\"inLanguage\":\"tr\",\"@id\":\"https:\\\/\\\/mag-bags.com\\\/#\\\/schema\\\/logo\\\/image\\\/\",\"url\":\"https:\\\/\\\/mag-bags.com\\\/wp-content\\\/uploads\\\/2024\\\/09\\\/mag-bags-green-logo.png\",\"contentUrl\":\"https:\\\/\\\/mag-bags.com\\\/wp-content\\\/uploads\\\/2024\\\/09\\\/mag-bags-green-logo.png\",\"width\":620,\"height\":402,\"caption\":\"Mag-Bags | M\u0131knat\u0131sl\u0131 Spor \u00c7antas\u0131\"},\"image\":{\"@id\":\"https:\\\/\\\/mag-bags.com\\\/#\\\/schema\\\/logo\\\/image\\\/\"},\"sameAs\":[\"https:\\\/\\\/www.instagram.com\\\/magbagstr\\\/\"]}]}<\/script>\n<!-- \/ Yoast SEO Premium plugin. -->","yoast_head_json":{"title":"Hizmet \u015eartlar\u0131 - Mag-Bags | M\u0131knat\u0131sl\u0131 Spor \u00c7antas\u0131","robots":{"index":"index","follow":"follow","max-snippet":"max-snippet:-1","max-image-preview":"max-image-preview:large","max-video-preview":"max-video-preview:-1"},"canonical":"https:\/\/mag-bags.com\/index.php\/hizmet-sartlari\/","og_locale":"tr_TR","og_type":"article","og_title":"Hizmet \u015eartlar\u0131","og_description":"Ki\u015fisel Verilerin Korunmas\u0131na \u0130li\u015fkin Bilgilendirme; CUTOFF TEKNOLOJ\u0130 S\u0130STEMLER\u0130 SANAY\u0130 VE T\u0130CARET L\u0130M\u0130TED \u015e\u0130RKET\u0130 olarak ki\u015fisel verilerinizin 6698 say\u0131l\u0131 Ki\u015fisel Verilerin Korunmas\u0131 Kanunu&#8217;na (\u201cKanun\u201d) uygun olarak i\u015flenerek, muhafaza edilmesine bu\u0308yu\u0308k \u00f6nem...","og_url":"https:\/\/mag-bags.com\/index.php\/hizmet-sartlari\/","og_site_name":"Mag-Bags | M\u0131knat\u0131sl\u0131 Spor \u00c7antas\u0131","twitter_card":"summary_large_image","twitter_misc":{"Tahmini okuma s\u00fcresi":"8 dakika"},"schema":{"@context":"https:\/\/schema.org","@graph":[{"@type":"WebPage","@id":"https:\/\/mag-bags.com\/index.php\/hizmet-sartlari\/","url":"https:\/\/mag-bags.com\/index.php\/hizmet-sartlari\/","name":"Hizmet \u015eartlar\u0131 - Mag-Bags | M\u0131knat\u0131sl\u0131 Spor \u00c7antas\u0131","isPartOf":{"@id":"https:\/\/mag-bags.com\/#website"},"datePublished":"2024-10-12T23:41:41+00:00","breadcrumb":{"@id":"https:\/\/mag-bags.com\/index.php\/hizmet-sartlari\/#breadcrumb"},"inLanguage":"tr","potentialAction":[{"@type":"ReadAction","target":["https:\/\/mag-bags.com\/index.php\/hizmet-sartlari\/"]}]},{"@type":"BreadcrumbList","@id":"https:\/\/mag-bags.com\/index.php\/hizmet-sartlari\/#breadcrumb","itemListElement":[{"@type":"ListItem","position":1,"name":"Anasayfa","item":"https:\/\/mag-bags.com\/"},{"@type":"ListItem","position":2,"name":"Hizmet \u015eartlar\u0131"}]},{"@type":"WebSite","@id":"https:\/\/mag-bags.com\/#website","url":"https:\/\/mag-bags.com\/","name":"Mag-Bags | M\u0131knat\u0131sl\u0131 Spor \u00c7antas\u0131","description":"","publisher":{"@id":"https:\/\/mag-bags.com\/#organization"},"potentialAction":[{"@type":"SearchAction","target":{"@type":"EntryPoint","urlTemplate":"https:\/\/mag-bags.com\/?s={search_term_string}"},"query-input":{"@type":"PropertyValueSpecification","valueRequired":true,"valueName":"search_term_string"}}],"inLanguage":"tr"},{"@type":"Organization","@id":"https:\/\/mag-bags.com\/#organization","name":"Mag-Bags | M\u0131knat\u0131sl\u0131 Spor \u00c7antas\u0131","url":"https:\/\/mag-bags.com\/","logo":{"@type":"ImageObject","inLanguage":"tr","@id":"https:\/\/mag-bags.com\/#\/schema\/logo\/image\/","url":"https:\/\/mag-bags.com\/wp-content\/uploads\/2024\/09\/mag-bags-green-logo.png","contentUrl":"https:\/\/mag-bags.com\/wp-content\/uploads\/2024\/09\/mag-bags-green-logo.png","width":620,"height":402,"caption":"Mag-Bags | M\u0131knat\u0131sl\u0131 Spor \u00c7antas\u0131"},"image":{"@id":"https:\/\/mag-bags.com\/#\/schema\/logo\/image\/"},"sameAs":["https:\/\/www.instagram.com\/magbagstr\/"]}]}},"uagb_featured_image_src":{"full":false,"thumbnail":false,"medium":false,"medium_large":false,"large":false,"1536x1536":false,"2048x2048":false,"portfolio-thumb":false,"nectar_small_square":false,"portfolio-thumb_large":false,"portfolio-thumb_small":false,"portfolio-widget":false,"wide":false,"wide_photography":false,"wide_small":false,"regular":false,"regular_small":false,"tall":false,"wide_tall":false,"large_featured":false,"medium_featured":false,"woocommerce_thumbnail":false,"woocommerce_single":false,"woocommerce_gallery_thumbnail":false},"uagb_author_info":{"display_name":"copluk@vakineva.com","author_link":"https:\/\/mag-bags.com\/index.php\/author\/coplukvakineva-com\/"},"uagb_comment_info":0,"uagb_excerpt":"Ki\u015fisel Verilerin Korunmas\u0131na \u0130li\u015fkin Bilgilendirme; CUTOFF TEKNOLOJ\u0130 S\u0130STEMLER\u0130 SANAY\u0130 VE T\u0130CARET L\u0130M\u0130TED \u015e\u0130RKET\u0130 olarak ki\u015fisel verilerinizin 6698 say\u0131l\u0131 Ki\u015fisel Verilerin Korunmas\u0131 Kanunu&#8217;na (\u201cKanun\u201d) uygun olarak i\u015flenerek, muhafaza edilmesine bu\u0308yu\u0308k \u00f6nem...","jetpack_sharing_enabled":true,"_links":{"self":[{"href":"https:\/\/mag-bags.com\/index.php\/wp-json\/wp\/v2\/pages\/2614","targetHints":{"allow":["GET"]}}],"collection":[{"href":"https:\/\/mag-bags.com\/index.php\/wp-json\/wp\/v2\/pages"}],"about":[{"href":"https:\/\/mag-bags.com\/index.php\/wp-json\/wp\/v2\/types\/page"}],"author":[{"embeddable":true,"href":"https:\/\/mag-bags.com\/index.php\/wp-json\/wp\/v2\/users\/1"}],"replies":[{"embeddable":true,"href":"https:\/\/mag-bags.com\/index.php\/wp-json\/wp\/v2\/comments?post=2614"}],"version-history":[{"count":1,"href":"https:\/\/mag-bags.com\/index.php\/wp-json\/wp\/v2\/pages\/2614\/revisions"}],"predecessor-version":[{"id":2615,"href":"https:\/\/mag-bags.com\/index.php\/wp-json\/wp\/v2\/pages\/2614\/revisions\/2615"}],"wp:attachment":[{"href":"https:\/\/mag-bags.com\/index.php\/wp-json\/wp\/v2\/media?parent=2614"}],"curies":[{"name":"wp","href":"https:\/\/api.w.org\/{rel}","templated":true}]}}