{"id":2608,"date":"2024-10-13T02:32:12","date_gmt":"2024-10-12T23:32:12","guid":{"rendered":"https:\/\/mag-bags.com\/?page_id=2608"},"modified":"2024-10-13T02:32:12","modified_gmt":"2024-10-12T23:32:12","slug":"kargo-politikasi","status":"publish","type":"page","link":"https:\/\/mag-bags.com\/index.php\/kargo-politikasi\/","title":{"rendered":"Kargo Politikas\u0131"},"content":{"rendered":"<h2>Teslimat Alan\u0131<\/h2>\n<p>Sunulan \u00dcR\u00dcNLER yaln\u0131zca T\u00fcrkiye \u00fczerinden teslim edilebilir. Bu B\u00d6LGE d\u0131\u015f\u0131nda bulunan herhangi bir teslimat adresi i\u00e7in sipari\u015f vermek m\u00fcmk\u00fcn de\u011fildir. \u00dcR\u00dcNLER, sipari\u015f s\u00fcrecinde M\u00dc\u015eTER\u0130&#8217;nin belirtti\u011fi teslimat adreslerine g\u00f6nderilir.<\/p>\n<h2>Nakliye s\u00fcresi<\/h2>\n<p>5-7 i\u015f g\u00fcn\u00fc i\u00e7erisinde taraf\u0131n\u0131za ula\u015ft\u0131r\u0131lacakt\u0131r.<br \/>\nSipari\u015fi haz\u0131rlamak, sonras\u0131nda fatura kesmek, \u00f6ncesinde \u00fcr\u00fcnlerin stokta mevcut durumlar\u0131 WEB SITEMIZE belirtilmi\u015ftir. Bu s\u00fcrelerin hafta sonlar\u0131 veya resmi tatil g\u00fcnleri d\u0131\u015f\u0131nda oldu\u011fu anla\u015f\u0131lmaktad\u0131r. Kay\u0131t formunda g\u00f6r\u00fcnen elektronik adresin do\u011fru olmas\u0131 ko\u015fuluyla, \u00dcR\u00dcNLER g\u00f6nderildi\u011finde M\u00dc\u015eTER\u0130YE otomatik olarak bir elektronik mesaj g\u00f6nderilecektir.<\/p>\n<h2>Teslimat S\u00fcreleri ve Maliyetleri<\/h2>\n<p>Sipari\u015f s\u00fcrecinde SATICI, M\u00dc\u015eTER\u0130&#8217;ye sat\u0131n al\u0131nan \u00dcR\u00dcNLER i\u00e7in olas\u0131 teslimat s\u00fcrelerini ve form\u00fcllerini bildirir. G\u00f6nderim bedeli, teslimat y\u00f6ntemine g\u00f6re hesaplan\u0131r. E\u011fer \u00fccretsiz kargolama sunmuyorsak, bu maliyetlerin miktar\u0131, sat\u0131n al\u0131nan \u00dcR\u00dcNLER\u0130N fiyat\u0131na ek olarak M\u00dc\u015eTER\u0130 taraf\u0131ndan \u00f6denecektir. Teslim s\u00fcrelerinin ve maliyetlerinin ayr\u0131nt\u0131lar\u0131 WEB S\u0130TES\u0130NDE detayland\u0131r\u0131lm\u0131\u015ft\u0131r.<\/p>\n<h2>Teslim \u015eartlar\u0131<\/h2>\n<p>Paket, imzaya kar\u015f\u0131 ve bir kimlik belgesinin ibraz\u0131 \u00fczerine M\u00dc\u015eTER\u0130&#8217;ye teslim edilecektir. Devams\u0131zl\u0131k durumunda, paketini postanesinde almas\u0131n\u0131 sa\u011flamak i\u00e7in M\u00dc\u015eTER\u0130YE bir teslimat bildirimi b\u0131rak\u0131lacakt\u0131r.<\/p>\n<h2>Teslimat Sorunlar\u0131<\/h2>\n<p>M\u00dc\u015eTER\u0130, \u00e7evrimi\u00e7i sipari\u015f prosed\u00fcr\u00fcn\u00fcn sonunda, sipari\u015fi onaylamadan \u00f6nce ta\u015f\u0131y\u0131c\u0131y\u0131 se\u00e7ti\u011finde belirlenen teslimat tarihi hakk\u0131nda bilgilendirilir. Teslimatlar\u0131n en fazla otuz (30) g\u00fcn i\u00e7inde yap\u0131laca\u011f\u0131 belirtilmektedir. Bu ba\u015far\u0131s\u0131z olursa, M\u00dc\u015eTER\u0130, SATICI&#8217;ya makul bir s\u00fcre i\u00e7inde teslim etmesi i\u00e7in resmi bildirimde bulunmal\u0131d\u0131r ve bu s\u00fcre i\u00e7inde teslim edilmemesi durumunda s\u00f6zle\u015fmeyi feshedebilir. SATICI, fesih mektubunun al\u0131nmas\u0131ndan gereksiz gecikme olmaks\u0131z\u0131n, M\u00dc\u015eTER\u0130 taraf\u0131ndan sat\u0131n almak i\u00e7in kullan\u0131lanla ayn\u0131 \u00f6deme y\u00f6ntemini kullanarak, \u00dcR\u00dcNLER i\u00e7in \u00f6denen toplam tutar\u0131, vergileri ve teslimat masraflar\u0131n\u0131 M\u00dc\u015eTER\u0130&#8217;ye geri \u00f6deyecektir. SATICI, \u00dcR\u00dcN\u00dcN M\u00dc\u015eTER\u0130YE teslimine kadar sorumludur. M\u00dc\u015eTER\u0130&#8217;nin teslimat s\u0131ras\u0131nda belirtilen herhangi bir hasar veya k\u0131smi kay\u0131p hakk\u0131nda ta\u015f\u0131y\u0131c\u0131ya bildirmesi i\u00e7in \u00fc\u00e7 (3) g\u00fcnl\u00fck bir s\u00fcre oldu\u011fu hat\u0131rlan\u0131r.<\/p>\n<p><strong>CUTOFF TEKNOLOJ\u0130 S\u0130STEMLER\u0130 SANAY\u0130 VE T\u0130CARET L\u0130M\u0130TED \u015e\u0130RKET\u0130<\/strong><\/p>\n<p><strong>Company number: 01020304<\/strong><\/p>\n<div class=\"container-wrap\">\n<div class=\"container main-content\" role=\"main\">\n<div class=\"row\">\n<p><strong>TERAZ\u0130DERE MAH. G\u00dcNE\u015e CAD. NO: 62\/1 PK: 34035 BAYRAMPA\u015eA \u2013 \u0130STANBUL<\/strong><\/p>\n<\/div>\n<\/div>\n<\/div>\n","protected":false},"excerpt":{"rendered":"<p>Teslimat Alan\u0131 Sunulan \u00dcR\u00dcNLER yaln\u0131zca T\u00fcrkiye \u00fczerinden teslim edilebilir. Bu B\u00d6LGE d\u0131\u015f\u0131nda bulunan herhangi bir teslimat adresi i\u00e7in sipari\u015f vermek m\u00fcmk\u00fcn de\u011fildir. \u00dcR\u00dcNLER, sipari\u015f s\u00fcrecinde M\u00dc\u015eTER\u0130&#8217;nin belirtti\u011fi teslimat adreslerine g\u00f6nderilir&#8230;.<\/p>\n","protected":false},"author":1,"featured_media":0,"parent":0,"menu_order":0,"comment_status":"closed","ping_status":"closed","template":"","meta":{"_uag_custom_page_level_css":"","footnotes":""},"class_list":["post-2608","page","type-page","status-publish"],"yoast_head":"<!-- This site is optimized with the Yoast SEO Premium plugin v23.6 (Yoast SEO v27.4) - https:\/\/yoast.com\/product\/yoast-seo-premium-wordpress\/ -->\n<title>Kargo Politikas\u0131 - Mag-Bags | M\u0131knat\u0131sl\u0131 Spor \u00c7antas\u0131<\/title>\n<meta name=\"robots\" content=\"index, follow, max-snippet:-1, max-image-preview:large, max-video-preview:-1\" \/>\n<link rel=\"canonical\" href=\"https:\/\/mag-bags.com\/index.php\/kargo-politikasi\/\" \/>\n<meta property=\"og:locale\" content=\"tr_TR\" \/>\n<meta property=\"og:type\" content=\"article\" \/>\n<meta property=\"og:title\" content=\"Kargo Politikas\u0131\" \/>\n<meta property=\"og:description\" content=\"Teslimat Alan\u0131 Sunulan \u00dcR\u00dcNLER yaln\u0131zca T\u00fcrkiye \u00fczerinden teslim edilebilir. Bu B\u00d6LGE d\u0131\u015f\u0131nda bulunan herhangi bir teslimat adresi i\u00e7in sipari\u015f vermek m\u00fcmk\u00fcn de\u011fildir. \u00dcR\u00dcNLER, sipari\u015f s\u00fcrecinde M\u00dc\u015eTER\u0130&#8217;nin belirtti\u011fi teslimat adreslerine g\u00f6nderilir....\" \/>\n<meta property=\"og:url\" content=\"https:\/\/mag-bags.com\/index.php\/kargo-politikasi\/\" \/>\n<meta property=\"og:site_name\" content=\"Mag-Bags | M\u0131knat\u0131sl\u0131 Spor \u00c7antas\u0131\" \/>\n<meta name=\"twitter:card\" content=\"summary_large_image\" \/>\n<meta name=\"twitter:label1\" content=\"Tahmini okuma s\u00fcresi\" \/>\n\t<meta name=\"twitter:data1\" content=\"2 dakika\" \/>\n<script type=\"application\/ld+json\" class=\"yoast-schema-graph\">{\"@context\":\"https:\\\/\\\/schema.org\",\"@graph\":[{\"@type\":\"WebPage\",\"@id\":\"https:\\\/\\\/mag-bags.com\\\/index.php\\\/kargo-politikasi\\\/\",\"url\":\"https:\\\/\\\/mag-bags.com\\\/index.php\\\/kargo-politikasi\\\/\",\"name\":\"Kargo Politikas\u0131 - Mag-Bags | M\u0131knat\u0131sl\u0131 Spor \u00c7antas\u0131\",\"isPartOf\":{\"@id\":\"https:\\\/\\\/mag-bags.com\\\/#website\"},\"datePublished\":\"2024-10-12T23:32:12+00:00\",\"breadcrumb\":{\"@id\":\"https:\\\/\\\/mag-bags.com\\\/index.php\\\/kargo-politikasi\\\/#breadcrumb\"},\"inLanguage\":\"tr\",\"potentialAction\":[{\"@type\":\"ReadAction\",\"target\":[\"https:\\\/\\\/mag-bags.com\\\/index.php\\\/kargo-politikasi\\\/\"]}]},{\"@type\":\"BreadcrumbList\",\"@id\":\"https:\\\/\\\/mag-bags.com\\\/index.php\\\/kargo-politikasi\\\/#breadcrumb\",\"itemListElement\":[{\"@type\":\"ListItem\",\"position\":1,\"name\":\"Anasayfa\",\"item\":\"https:\\\/\\\/mag-bags.com\\\/\"},{\"@type\":\"ListItem\",\"position\":2,\"name\":\"Kargo Politikas\u0131\"}]},{\"@type\":\"WebSite\",\"@id\":\"https:\\\/\\\/mag-bags.com\\\/#website\",\"url\":\"https:\\\/\\\/mag-bags.com\\\/\",\"name\":\"Mag-Bags | M\u0131knat\u0131sl\u0131 Spor \u00c7antas\u0131\",\"description\":\"\",\"publisher\":{\"@id\":\"https:\\\/\\\/mag-bags.com\\\/#organization\"},\"potentialAction\":[{\"@type\":\"SearchAction\",\"target\":{\"@type\":\"EntryPoint\",\"urlTemplate\":\"https:\\\/\\\/mag-bags.com\\\/?s={search_term_string}\"},\"query-input\":{\"@type\":\"PropertyValueSpecification\",\"valueRequired\":true,\"valueName\":\"search_term_string\"}}],\"inLanguage\":\"tr\"},{\"@type\":\"Organization\",\"@id\":\"https:\\\/\\\/mag-bags.com\\\/#organization\",\"name\":\"Mag-Bags | M\u0131knat\u0131sl\u0131 Spor \u00c7antas\u0131\",\"url\":\"https:\\\/\\\/mag-bags.com\\\/\",\"logo\":{\"@type\":\"ImageObject\",\"inLanguage\":\"tr\",\"@id\":\"https:\\\/\\\/mag-bags.com\\\/#\\\/schema\\\/logo\\\/image\\\/\",\"url\":\"https:\\\/\\\/mag-bags.com\\\/wp-content\\\/uploads\\\/2024\\\/09\\\/mag-bags-green-logo.png\",\"contentUrl\":\"https:\\\/\\\/mag-bags.com\\\/wp-content\\\/uploads\\\/2024\\\/09\\\/mag-bags-green-logo.png\",\"width\":620,\"height\":402,\"caption\":\"Mag-Bags | M\u0131knat\u0131sl\u0131 Spor \u00c7antas\u0131\"},\"image\":{\"@id\":\"https:\\\/\\\/mag-bags.com\\\/#\\\/schema\\\/logo\\\/image\\\/\"},\"sameAs\":[\"https:\\\/\\\/www.instagram.com\\\/magbagstr\\\/\"]}]}<\/script>\n<!-- \/ Yoast SEO Premium plugin. -->","yoast_head_json":{"title":"Kargo Politikas\u0131 - Mag-Bags | M\u0131knat\u0131sl\u0131 Spor \u00c7antas\u0131","robots":{"index":"index","follow":"follow","max-snippet":"max-snippet:-1","max-image-preview":"max-image-preview:large","max-video-preview":"max-video-preview:-1"},"canonical":"https:\/\/mag-bags.com\/index.php\/kargo-politikasi\/","og_locale":"tr_TR","og_type":"article","og_title":"Kargo Politikas\u0131","og_description":"Teslimat Alan\u0131 Sunulan \u00dcR\u00dcNLER yaln\u0131zca T\u00fcrkiye \u00fczerinden teslim edilebilir. Bu B\u00d6LGE d\u0131\u015f\u0131nda bulunan herhangi bir teslimat adresi i\u00e7in sipari\u015f vermek m\u00fcmk\u00fcn de\u011fildir. \u00dcR\u00dcNLER, sipari\u015f s\u00fcrecinde M\u00dc\u015eTER\u0130&#8217;nin belirtti\u011fi teslimat adreslerine g\u00f6nderilir....","og_url":"https:\/\/mag-bags.com\/index.php\/kargo-politikasi\/","og_site_name":"Mag-Bags | M\u0131knat\u0131sl\u0131 Spor \u00c7antas\u0131","twitter_card":"summary_large_image","twitter_misc":{"Tahmini okuma s\u00fcresi":"2 dakika"},"schema":{"@context":"https:\/\/schema.org","@graph":[{"@type":"WebPage","@id":"https:\/\/mag-bags.com\/index.php\/kargo-politikasi\/","url":"https:\/\/mag-bags.com\/index.php\/kargo-politikasi\/","name":"Kargo Politikas\u0131 - Mag-Bags | M\u0131knat\u0131sl\u0131 Spor \u00c7antas\u0131","isPartOf":{"@id":"https:\/\/mag-bags.com\/#website"},"datePublished":"2024-10-12T23:32:12+00:00","breadcrumb":{"@id":"https:\/\/mag-bags.com\/index.php\/kargo-politikasi\/#breadcrumb"},"inLanguage":"tr","potentialAction":[{"@type":"ReadAction","target":["https:\/\/mag-bags.com\/index.php\/kargo-politikasi\/"]}]},{"@type":"BreadcrumbList","@id":"https:\/\/mag-bags.com\/index.php\/kargo-politikasi\/#breadcrumb","itemListElement":[{"@type":"ListItem","position":1,"name":"Anasayfa","item":"https:\/\/mag-bags.com\/"},{"@type":"ListItem","position":2,"name":"Kargo Politikas\u0131"}]},{"@type":"WebSite","@id":"https:\/\/mag-bags.com\/#website","url":"https:\/\/mag-bags.com\/","name":"Mag-Bags | M\u0131knat\u0131sl\u0131 Spor \u00c7antas\u0131","description":"","publisher":{"@id":"https:\/\/mag-bags.com\/#organization"},"potentialAction":[{"@type":"SearchAction","target":{"@type":"EntryPoint","urlTemplate":"https:\/\/mag-bags.com\/?s={search_term_string}"},"query-input":{"@type":"PropertyValueSpecification","valueRequired":true,"valueName":"search_term_string"}}],"inLanguage":"tr"},{"@type":"Organization","@id":"https:\/\/mag-bags.com\/#organization","name":"Mag-Bags | M\u0131knat\u0131sl\u0131 Spor \u00c7antas\u0131","url":"https:\/\/mag-bags.com\/","logo":{"@type":"ImageObject","inLanguage":"tr","@id":"https:\/\/mag-bags.com\/#\/schema\/logo\/image\/","url":"https:\/\/mag-bags.com\/wp-content\/uploads\/2024\/09\/mag-bags-green-logo.png","contentUrl":"https:\/\/mag-bags.com\/wp-content\/uploads\/2024\/09\/mag-bags-green-logo.png","width":620,"height":402,"caption":"Mag-Bags | M\u0131knat\u0131sl\u0131 Spor \u00c7antas\u0131"},"image":{"@id":"https:\/\/mag-bags.com\/#\/schema\/logo\/image\/"},"sameAs":["https:\/\/www.instagram.com\/magbagstr\/"]}]}},"uagb_featured_image_src":{"full":false,"thumbnail":false,"medium":false,"medium_large":false,"large":false,"1536x1536":false,"2048x2048":false,"portfolio-thumb":false,"nectar_small_square":false,"portfolio-thumb_large":false,"portfolio-thumb_small":false,"portfolio-widget":false,"wide":false,"wide_photography":false,"wide_small":false,"regular":false,"regular_small":false,"tall":false,"wide_tall":false,"large_featured":false,"medium_featured":false,"woocommerce_thumbnail":false,"woocommerce_single":false,"woocommerce_gallery_thumbnail":false},"uagb_author_info":{"display_name":"copluk@vakineva.com","author_link":"https:\/\/mag-bags.com\/index.php\/author\/coplukvakineva-com\/"},"uagb_comment_info":0,"uagb_excerpt":"Teslimat Alan\u0131 Sunulan \u00dcR\u00dcNLER yaln\u0131zca T\u00fcrkiye \u00fczerinden teslim edilebilir. Bu B\u00d6LGE d\u0131\u015f\u0131nda bulunan herhangi bir teslimat adresi i\u00e7in sipari\u015f vermek m\u00fcmk\u00fcn de\u011fildir. \u00dcR\u00dcNLER, sipari\u015f s\u00fcrecinde M\u00dc\u015eTER\u0130&#8217;nin belirtti\u011fi teslimat adreslerine g\u00f6nderilir....","jetpack_sharing_enabled":true,"_links":{"self":[{"href":"https:\/\/mag-bags.com\/index.php\/wp-json\/wp\/v2\/pages\/2608","targetHints":{"allow":["GET"]}}],"collection":[{"href":"https:\/\/mag-bags.com\/index.php\/wp-json\/wp\/v2\/pages"}],"about":[{"href":"https:\/\/mag-bags.com\/index.php\/wp-json\/wp\/v2\/types\/page"}],"author":[{"embeddable":true,"href":"https:\/\/mag-bags.com\/index.php\/wp-json\/wp\/v2\/users\/1"}],"replies":[{"embeddable":true,"href":"https:\/\/mag-bags.com\/index.php\/wp-json\/wp\/v2\/comments?post=2608"}],"version-history":[{"count":1,"href":"https:\/\/mag-bags.com\/index.php\/wp-json\/wp\/v2\/pages\/2608\/revisions"}],"predecessor-version":[{"id":2609,"href":"https:\/\/mag-bags.com\/index.php\/wp-json\/wp\/v2\/pages\/2608\/revisions\/2609"}],"wp:attachment":[{"href":"https:\/\/mag-bags.com\/index.php\/wp-json\/wp\/v2\/media?parent=2608"}],"curies":[{"name":"wp","href":"https:\/\/api.w.org\/{rel}","templated":true}]}}